{"id":1451,"date":"2025-09-25T13:34:49","date_gmt":"2025-09-25T13:34:49","guid":{"rendered":"https:\/\/omchosting.com\/dev\/imprimerie\/technical-specification\/"},"modified":"2025-09-25T16:10:06","modified_gmt":"2025-09-25T16:10:06","slug":"specifications-techniques","status":"publish","type":"page","link":"https:\/\/imprimerieinc.com\/fr\/specifications-techniques\/","title":{"rendered":"Sp\u00e9cifications techniques"},"content":{"rendered":"\t\t<div data-elementor-type=\"wp-page\" data-elementor-id=\"1451\" class=\"elementor elementor-1451 elementor-1351\" data-elementor-post-type=\"page\">\n\t\t\t\t<div class=\"elementor-element elementor-element-eef2d43 e-flex e-con-boxed e-con e-parent\" data-id=\"eef2d43\" data-element_type=\"container\" data-e-type=\"container\" data-settings=\"{&quot;background_background&quot;:&quot;classic&quot;}\">\n\t\t\t\t\t<div class=\"e-con-inner\">\n\t\t\t\t<div class=\"elementor-element elementor-element-6773f39 elementor-widget elementor-widget-heading\" data-id=\"6773f39\" data-element_type=\"widget\" data-e-type=\"widget\" data-widget_type=\"heading.default\">\n\t\t\t\t\t<h1 class=\"elementor-heading-title elementor-size-default\">Sp\u00e9cifications techniques<\/h1>\t\t\t\t<\/div>\n\t\t\t\t<div class=\"elementor-element elementor-element-01a3f11 elementor-widget elementor-widget-text-editor\" data-id=\"01a3f11\" data-element_type=\"widget\" data-e-type=\"widget\" data-widget_type=\"text-editor.default\">\n\t\t\t\t\t\t\t\t\t<a href=\"https:\/\/omchosting.com\/dev\/imprimerie\/\">Accueil<\/a> \/ Sp\u00e9cifications techniques\t\t\t\t\t\t\t\t<\/div>\n\t\t\t\t\t<\/div>\n\t\t\t\t<\/div>\n\t\t<div class=\"elementor-element elementor-element-533bc11 e-flex e-con-boxed e-con e-parent\" data-id=\"533bc11\" data-element_type=\"container\" data-e-type=\"container\">\n\t\t\t\t\t<div class=\"e-con-inner\">\n\t\t<div class=\"elementor-element elementor-element-2f7eb3e e-con-full e-flex e-con e-child\" data-id=\"2f7eb3e\" data-element_type=\"container\" data-e-type=\"container\">\n\t\t<div class=\"elementor-element elementor-element-1f84c8c e-con-full e-flex e-con e-child\" data-id=\"1f84c8c\" data-element_type=\"container\" data-e-type=\"container\">\n\t\t<div class=\"elementor-element elementor-element-dada67d e-con-full e-flex e-con e-child\" data-id=\"dada67d\" data-element_type=\"container\" data-e-type=\"container\">\n\t\t\t\t<div class=\"elementor-element elementor-element-777b636 elementor-widget elementor-widget-image\" data-id=\"777b636\" data-element_type=\"widget\" data-e-type=\"widget\" data-widget_type=\"image.default\">\n\t\t\t\t\t\t\t\t\t\t\t\t\t\t\t<img fetchpriority=\"high\" decoding=\"async\" width=\"1200\" height=\"630\" src=\"https:\/\/imprimerieinc.com\/wp-content\/uploads\/2025\/09\/CMYK-vs-RGB.jpg\" class=\"attachment-full size-full wp-image-1445\" alt=\"\" srcset=\"https:\/\/imprimerieinc.com\/wp-content\/uploads\/2025\/09\/CMYK-vs-RGB.jpg 1200w, https:\/\/imprimerieinc.com\/wp-content\/uploads\/2025\/09\/CMYK-vs-RGB-300x158.jpg 300w, https:\/\/imprimerieinc.com\/wp-content\/uploads\/2025\/09\/CMYK-vs-RGB-1024x538.jpg 1024w, https:\/\/imprimerieinc.com\/wp-content\/uploads\/2025\/09\/CMYK-vs-RGB-768x403.jpg 768w\" sizes=\"(max-width: 1200px) 100vw, 1200px\" \/>\t\t\t\t\t\t\t\t\t\t\t\t\t\t\t<\/div>\n\t\t<div class=\"elementor-element elementor-element-39098b2 e-con-full e-flex e-con e-child\" data-id=\"39098b2\" data-element_type=\"container\" data-e-type=\"container\">\n\t\t\t\t<div class=\"elementor-element elementor-element-db24d72 elementor-widget__width-inherit elementor-widget elementor-widget-spacer\" data-id=\"db24d72\" data-element_type=\"widget\" data-e-type=\"widget\" data-widget_type=\"spacer.default\">\n\t\t\t\t\t\t\t<div class=\"elementor-spacer\">\n\t\t\t<div class=\"elementor-spacer-inner\"><\/div>\n\t\t<\/div>\n\t\t\t\t\t\t<\/div>\n\t\t\t\t<div class=\"elementor-element elementor-element-f74d3e2 elementor-widget__width-inherit elementor-widget elementor-widget-spacer\" data-id=\"f74d3e2\" data-element_type=\"widget\" data-e-type=\"widget\" data-widget_type=\"spacer.default\">\n\t\t\t\t\t\t\t<div class=\"elementor-spacer\">\n\t\t\t<div class=\"elementor-spacer-inner\"><\/div>\n\t\t<\/div>\n\t\t\t\t\t\t<\/div>\n\t\t\t\t<div class=\"elementor-element elementor-element-ce8691c elementor-widget__width-inherit elementor-widget elementor-widget-spacer\" data-id=\"ce8691c\" data-element_type=\"widget\" data-e-type=\"widget\" data-widget_type=\"spacer.default\">\n\t\t\t\t\t\t\t<div class=\"elementor-spacer\">\n\t\t\t<div class=\"elementor-spacer-inner\"><\/div>\n\t\t<\/div>\n\t\t\t\t\t\t<\/div>\n\t\t\t\t<div class=\"elementor-element elementor-element-7703529 elementor-widget__width-inherit elementor-widget elementor-widget-spacer\" data-id=\"7703529\" data-element_type=\"widget\" data-e-type=\"widget\" data-widget_type=\"spacer.default\">\n\t\t\t\t\t\t\t<div class=\"elementor-spacer\">\n\t\t\t<div class=\"elementor-spacer-inner\"><\/div>\n\t\t<\/div>\n\t\t\t\t\t\t<\/div>\n\t\t\t\t<div class=\"elementor-element elementor-element-0fc91b6 elementor-widget__width-inherit elementor-widget elementor-widget-spacer\" data-id=\"0fc91b6\" data-element_type=\"widget\" data-e-type=\"widget\" data-widget_type=\"spacer.default\">\n\t\t\t\t\t\t\t<div class=\"elementor-spacer\">\n\t\t\t<div class=\"elementor-spacer-inner\"><\/div>\n\t\t<\/div>\n\t\t\t\t\t\t<\/div>\n\t\t\t\t<div class=\"elementor-element elementor-element-5a7c164 elementor-widget__width-inherit elementor-widget elementor-widget-spacer\" data-id=\"5a7c164\" data-element_type=\"widget\" data-e-type=\"widget\" data-widget_type=\"spacer.default\">\n\t\t\t\t\t\t\t<div class=\"elementor-spacer\">\n\t\t\t<div class=\"elementor-spacer-inner\"><\/div>\n\t\t<\/div>\n\t\t\t\t\t\t<\/div>\n\t\t\t\t<\/div>\n\t\t\t\t<\/div>\n\t\t\t\t<\/div>\n\t\t<div class=\"elementor-element elementor-element-e082bb6 e-con-full e-flex e-con e-child\" data-id=\"e082bb6\" data-element_type=\"container\" data-e-type=\"container\">\n\t\t<div class=\"elementor-element elementor-element-9d84424 e-con-full e-flex e-con e-child\" data-id=\"9d84424\" data-element_type=\"container\" data-e-type=\"container\">\n\t\t\t\t<div class=\"elementor-element elementor-element-de28414 elementor-widget elementor-widget-heading\" data-id=\"de28414\" data-element_type=\"widget\" data-e-type=\"widget\" data-widget_type=\"heading.default\">\n\t\t\t\t\t<h2 class=\"elementor-heading-title elementor-size-default\">LE MONDE DES COULEURS<\/h2>\t\t\t\t<\/div>\n\t\t\t\t<div class=\"elementor-element elementor-element-7504246 elementor-widget elementor-widget-text-editor\" data-id=\"7504246\" data-element_type=\"widget\" data-e-type=\"widget\" data-widget_type=\"text-editor.default\">\n\t\t\t\t\t\t\t\t\t<p><strong>Le mode \u201cRGB\u201d<\/strong><br \/>rouge, vert, bleu est sp\u00e9cialement con\u00e7u pour les \u00e9crans.<\/p><p><strong>Le mode \u201cCMYK\u201d<\/strong><br \/>L&rsquo;impression en quadrichromie\u00a0: cyan, magenta, jaune et noir est le mode de base pour l&rsquo;impression couleur num\u00e9rique et \u00e0 jet d&rsquo;encre.<\/p><p><strong>Pantone\u00ae PMS<\/strong><br \/>sont des couleurs pigmentaires obtenues par m\u00e9lange d&rsquo;encre avant impression. Contrairement \u00e0 la quadrichromie (CMJN), les couleurs Pantone\u00ae PMS sont imprim\u00e9es une par une, restituant ainsi exactement la couleur souhait\u00e9e.<\/p>\t\t\t\t\t\t\t\t<\/div>\n\t\t\t\t<\/div>\n\t\t\t\t<\/div>\n\t\t\t\t<\/div>\n\t\t\t\t\t<\/div>\n\t\t\t\t<\/div>\n\t\t<div class=\"elementor-element elementor-element-0cefe62 e-flex e-con-boxed e-con e-parent\" data-id=\"0cefe62\" data-element_type=\"container\" data-e-type=\"container\">\n\t\t\t\t\t<div class=\"e-con-inner\">\n\t\t<div class=\"elementor-element elementor-element-c9af60a e-con-full e-flex e-con e-child\" data-id=\"c9af60a\" data-element_type=\"container\" data-e-type=\"container\">\n\t\t\t\t<div class=\"elementor-element elementor-element-6cfdbb0 elementor-widget elementor-widget-heading\" data-id=\"6cfdbb0\" data-element_type=\"widget\" data-e-type=\"widget\" data-widget_type=\"heading.default\">\n\t\t\t\t\t<h2 class=\"elementor-heading-title elementor-size-default\">LE MONDE DES PIXELS ET DES VECTEURS<\/h2>\t\t\t\t<\/div>\n\t\t\t\t<div class=\"elementor-element elementor-element-6ea521d elementor-widget elementor-widget-text-editor\" data-id=\"6ea521d\" data-element_type=\"widget\" data-e-type=\"widget\" data-widget_type=\"text-editor.default\">\n\t\t\t\t\t\t\t\t\t<p><strong>Pixels \u00ab\u00a0ppp\u00a0\u00bb \u00ab\u00a0ppi\u00a0\u00bb<\/strong><\/p><p>Il est important de savoir que \u00ab\u00a0dpi\u00a0\u00bb signifie \u00a0\u00bb Dots Per Inch\u00a0\u00bb et \u00ab\u00a0ppi\u00a0\u00bb signifie\u00a0\u00bb Pixel per inch.\u00a0\u00bb\u00a0 Ce sont des images matricielles, comme des photos. Un agrandissement excessif de ces images entra\u00eenera leur d\u00e9composition en pixels.<\/p>\t\t\t\t\t\t\t\t<\/div>\n\t\t\t\t<\/div>\n\t\t<div class=\"elementor-element elementor-element-5bb6b73 e-con-full e-flex e-con e-child\" data-id=\"5bb6b73\" data-element_type=\"container\" data-e-type=\"container\">\n\t\t\t\t<div class=\"elementor-element elementor-element-5580592 elementor-widget elementor-widget-image\" data-id=\"5580592\" data-element_type=\"widget\" data-e-type=\"widget\" data-widget_type=\"image.default\">\n\t\t\t\t\t\t\t\t\t\t\t\t\t\t\t<img decoding=\"async\" width=\"800\" height=\"534\" src=\"https:\/\/imprimerieinc.com\/wp-content\/uploads\/2025\/09\/pixelisation-enhance-1024x683.jpg\" class=\"attachment-large size-large wp-image-1447\" alt=\"\" srcset=\"https:\/\/imprimerieinc.com\/wp-content\/uploads\/2025\/09\/pixelisation-enhance-1024x683.jpg 1024w, https:\/\/imprimerieinc.com\/wp-content\/uploads\/2025\/09\/pixelisation-enhance-300x200.jpg 300w, https:\/\/imprimerieinc.com\/wp-content\/uploads\/2025\/09\/pixelisation-enhance-768x512.jpg 768w, https:\/\/imprimerieinc.com\/wp-content\/uploads\/2025\/09\/pixelisation-enhance-1536x1024.jpg 1536w, https:\/\/imprimerieinc.com\/wp-content\/uploads\/2025\/09\/pixelisation-enhance.jpg 1800w\" sizes=\"(max-width: 800px) 100vw, 800px\" \/>\t\t\t\t\t\t\t\t\t\t\t\t\t\t\t<\/div>\n\t\t\t\t<\/div>\n\t\t\t\t\t<\/div>\n\t\t\t\t<\/div>\n\t\t<div class=\"elementor-element elementor-element-f1e1a25 e-flex e-con-boxed e-con e-parent\" data-id=\"f1e1a25\" data-element_type=\"container\" data-e-type=\"container\">\n\t\t\t\t\t<div class=\"e-con-inner\">\n\t\t<div class=\"elementor-element elementor-element-d697af4 e-con-full e-flex e-con e-child\" data-id=\"d697af4\" data-element_type=\"container\" data-e-type=\"container\">\n\t\t\t\t<div class=\"elementor-element elementor-element-f007d5a elementor-widget elementor-widget-heading\" data-id=\"f007d5a\" data-element_type=\"widget\" data-e-type=\"widget\" data-widget_type=\"heading.default\">\n\t\t\t\t\t<h2 class=\"elementor-heading-title elementor-size-default\">IMAGES VECTORIELLES<\/h2>\t\t\t\t<\/div>\n\t\t\t\t<div class=\"elementor-element elementor-element-f41e55a elementor-widget elementor-widget-text-editor\" data-id=\"f41e55a\" data-element_type=\"widget\" data-e-type=\"widget\" data-widget_type=\"text-editor.default\">\n\t\t\t\t\t\t\t\t\t<p>Le principe de base du dessin vectoriel est de d\u00e9crire des formes g\u00e9om\u00e9triques simples (arcs de cercle ou ellipses, segments de droite, courbes de B\u00e9zier, etc.), auxquelles peuvent \u00eatre appliqu\u00e9es diverses transformations\u00a0: rotation, \u00e9crasement, mise \u00e0 l\u2019\u00e9chelle. Lors d&rsquo;une repr\u00e9sentation, le logiciel travaille avec des lignes (ou des courbes) et des surfaces. Chaque ligne, individuellement, est d\u00e9finie par des points caract\u00e9ristiques qui d\u00e9finissent son \u00e9quation. Ces points caract\u00e9ristiques forment un vecteur. Donc, cette \u00e9quation est calcul\u00e9e par l&rsquo;ordinateur et conserv\u00e9e en m\u00e9moire. Par exemple, lorsqu\u2019on dessine une ellipse, celle-ci existe sous deux formes\u00a0: une formule math\u00e9matique en m\u00e9moire et un trac\u00e9 \u00e0 l\u2019\u00e9cran. Le trac\u00e9 est contr\u00f4l\u00e9 par le vecteur, les caract\u00e8res de la ligne et la couleur de la surface. Ainsi, tous ces param\u00e8tres demeurent modifiables s\u00e9par\u00e9ment. Vous pouvez donc agrandir ou r\u00e9duire des objets (dessins, textes, etc.) \u00e0 volont\u00e9, et ce, sans perte\u00a0!<\/p>\t\t\t\t\t\t\t\t<\/div>\n\t\t\t\t<\/div>\n\t\t<div class=\"elementor-element elementor-element-2bfe9f2 e-con-full e-flex e-con e-child\" data-id=\"2bfe9f2\" data-element_type=\"container\" data-e-type=\"container\">\n\t\t\t\t<div class=\"elementor-element elementor-element-f70ac1b elementor-widget elementor-widget-image\" data-id=\"f70ac1b\" data-element_type=\"widget\" data-e-type=\"widget\" data-widget_type=\"image.default\">\n\t\t\t\t\t\t\t\t\t\t\t\t\t\t\t<img decoding=\"async\" width=\"771\" height=\"771\" src=\"https:\/\/imprimerieinc.com\/wp-content\/uploads\/2025\/09\/vectoriel-enhance.jpg\" class=\"attachment-large size-large wp-image-1448\" alt=\"\" srcset=\"https:\/\/imprimerieinc.com\/wp-content\/uploads\/2025\/09\/vectoriel-enhance.jpg 771w, https:\/\/imprimerieinc.com\/wp-content\/uploads\/2025\/09\/vectoriel-enhance-300x300.jpg 300w, https:\/\/imprimerieinc.com\/wp-content\/uploads\/2025\/09\/vectoriel-enhance-150x150.jpg 150w, https:\/\/imprimerieinc.com\/wp-content\/uploads\/2025\/09\/vectoriel-enhance-768x768.jpg 768w\" sizes=\"(max-width: 771px) 100vw, 771px\" \/>\t\t\t\t\t\t\t\t\t\t\t\t\t\t\t<\/div>\n\t\t\t\t<\/div>\n\t\t\t\t\t<\/div>\n\t\t\t\t<\/div>\n\t\t<div class=\"elementor-element elementor-element-5f28a3c e-flex e-con-boxed e-con e-parent\" data-id=\"5f28a3c\" data-element_type=\"container\" data-e-type=\"container\">\n\t\t\t\t\t<div class=\"e-con-inner\">\n\t\t<div class=\"elementor-element elementor-element-5ccae77 e-con-full e-flex e-con e-child\" data-id=\"5ccae77\" data-element_type=\"container\" data-e-type=\"container\">\n\t\t\t\t<div class=\"elementor-element elementor-element-f98289f elementor-widget elementor-widget-heading\" data-id=\"f98289f\" data-element_type=\"widget\" data-e-type=\"widget\" data-widget_type=\"heading.default\">\n\t\t\t\t\t<h2 class=\"elementor-heading-title elementor-size-default\">MARGES ET MARGES PERDUES<\/h2>\t\t\t\t<\/div>\n\t\t\t\t<div class=\"elementor-element elementor-element-570cf1e elementor-widget elementor-widget-text-editor\" data-id=\"570cf1e\" data-element_type=\"widget\" data-e-type=\"widget\" data-widget_type=\"text-editor.default\">\n\t\t\t\t\t\t\t\t\t<p><strong>Les marges<\/strong><br \/>Les marges sont situ\u00e9es \u00e0 l&rsquo;int\u00e9rieur de la feuille. Elles servent \u00e9galement de zones de s\u00e9curit\u00e9 lors de l&rsquo;impression.<\/p><p><strong>Marges perdues (fond perdu)<\/strong><br \/>Les marges perdues sont situ\u00e9es \u00e0 l&rsquo;ext\u00e9rieur de la feuille. Ce sont des zones imprim\u00e9es qui seront rogn\u00e9es lors de la finition de votre produit\u00a0: des zones de s\u00e9curit\u00e9 lors de l&rsquo;impression, car le registre des machines num\u00e9riques n&rsquo;est pas encore \u00e0 100\u00a0%.<\/p>\t\t\t\t\t\t\t\t<\/div>\n\t\t\t\t<\/div>\n\t\t<div class=\"elementor-element elementor-element-e934208 e-con-full e-flex e-con e-child\" data-id=\"e934208\" data-element_type=\"container\" data-e-type=\"container\">\n\t\t\t\t<div class=\"elementor-element elementor-element-30701b1 elementor-widget elementor-widget-image\" data-id=\"30701b1\" data-element_type=\"widget\" data-e-type=\"widget\" data-widget_type=\"image.default\">\n\t\t\t\t\t\t\t\t\t\t\t\t\t\t\t<img loading=\"lazy\" decoding=\"async\" width=\"800\" height=\"515\" src=\"https:\/\/imprimerieinc.com\/wp-content\/uploads\/2025\/09\/marge-1024x659.jpg\" class=\"attachment-large size-large wp-image-1449\" alt=\"\" srcset=\"https:\/\/imprimerieinc.com\/wp-content\/uploads\/2025\/09\/marge-1024x659.jpg 1024w, https:\/\/imprimerieinc.com\/wp-content\/uploads\/2025\/09\/marge-300x193.jpg 300w, https:\/\/imprimerieinc.com\/wp-content\/uploads\/2025\/09\/marge-768x494.jpg 768w, https:\/\/imprimerieinc.com\/wp-content\/uploads\/2025\/09\/marge-1536x989.jpg 1536w, https:\/\/imprimerieinc.com\/wp-content\/uploads\/2025\/09\/marge-2048x1318.jpg 2048w\" sizes=\"(max-width: 800px) 100vw, 800px\" \/>\t\t\t\t\t\t\t\t\t\t\t\t\t\t\t<\/div>\n\t\t\t\t<\/div>\n\t\t\t\t\t<\/div>\n\t\t\t\t<\/div>\n\t\t\t\t<\/div>\n\t\t","protected":false},"excerpt":{"rendered":"<p>LE MONDE DES COULEURS Le mode \u201cRGB\u201drouge, vert, bleu est sp\u00e9cialement con\u00e7u pour les \u00e9crans. Le mode \u201cCMYK\u201dL&rsquo;impression en quadrichromie\u00a0: cyan, magenta, jaune et noir est le mode de base pour l&rsquo;impression couleur num\u00e9rique et \u00e0 jet d&rsquo;encre. Pantone\u00ae PMSsont des couleurs pigmentaires obtenues par m\u00e9lange d&rsquo;encre avant impression. Contrairement \u00e0 la quadrichromie (CMJN), les [&hellip;]<\/p>\n","protected":false},"author":1,"featured_media":0,"parent":0,"menu_order":0,"comment_status":"closed","ping_status":"closed","template":"","meta":{"footnotes":""},"class_list":["post-1451","page","type-page","status-publish","hentry"],"_links":{"self":[{"href":"https:\/\/imprimerieinc.com\/fr\/wp-json\/wp\/v2\/pages\/1451","targetHints":{"allow":["GET"]}}],"collection":[{"href":"https:\/\/imprimerieinc.com\/fr\/wp-json\/wp\/v2\/pages"}],"about":[{"href":"https:\/\/imprimerieinc.com\/fr\/wp-json\/wp\/v2\/types\/page"}],"author":[{"embeddable":true,"href":"https:\/\/imprimerieinc.com\/fr\/wp-json\/wp\/v2\/users\/1"}],"replies":[{"embeddable":true,"href":"https:\/\/imprimerieinc.com\/fr\/wp-json\/wp\/v2\/comments?post=1451"}],"version-history":[{"count":4,"href":"https:\/\/imprimerieinc.com\/fr\/wp-json\/wp\/v2\/pages\/1451\/revisions"}],"predecessor-version":[{"id":1459,"href":"https:\/\/imprimerieinc.com\/fr\/wp-json\/wp\/v2\/pages\/1451\/revisions\/1459"}],"wp:attachment":[{"href":"https:\/\/imprimerieinc.com\/fr\/wp-json\/wp\/v2\/media?parent=1451"}],"curies":[{"name":"wp","href":"https:\/\/api.w.org\/{rel}","templated":true}]}}