{"id":1270,"date":"2025-09-02T14:18:54","date_gmt":"2025-09-02T14:18:54","guid":{"rendered":"https:\/\/omchosting.com\/dev\/imprimerie\/get-a-quote\/"},"modified":"2025-09-25T15:46:26","modified_gmt":"2025-09-25T15:46:26","slug":"soumission-en-ligne","status":"publish","type":"page","link":"https:\/\/imprimerieinc.com\/fr\/soumission-en-ligne\/","title":{"rendered":"Soumission en ligne"},"content":{"rendered":"\t\t<div data-elementor-type=\"wp-page\" data-elementor-id=\"1270\" class=\"elementor elementor-1270 elementor-256\" data-elementor-post-type=\"page\">\n\t\t\t\t<div class=\"elementor-element elementor-element-2ab84f4 e-flex e-con-boxed e-con e-parent\" data-id=\"2ab84f4\" data-element_type=\"container\" data-e-type=\"container\" data-settings=\"{&quot;background_background&quot;:&quot;classic&quot;}\">\n\t\t\t\t\t<div class=\"e-con-inner\">\n\t\t\t\t<div class=\"elementor-element elementor-element-db154b8 elementor-widget elementor-widget-heading\" data-id=\"db154b8\" data-element_type=\"widget\" data-e-type=\"widget\" data-widget_type=\"heading.default\">\n\t\t\t\t\t<h1 class=\"elementor-heading-title elementor-size-default\">Soumission en ligne<\/h1>\t\t\t\t<\/div>\n\t\t\t\t<div class=\"elementor-element elementor-element-03fd37e elementor-widget elementor-widget-text-editor\" data-id=\"03fd37e\" data-element_type=\"widget\" data-e-type=\"widget\" data-widget_type=\"text-editor.default\">\n\t\t\t\t\t\t\t\t\t<a href=\"https:\/\/omchosting.com\/dev\/imprimerie\/\">Accueil<\/a> \/ Soumission en ligne\t\t\t\t\t\t\t\t<\/div>\n\t\t\t\t\t<\/div>\n\t\t\t\t<\/div>\n\t\t<div class=\"elementor-element elementor-element-338ce7e e-flex e-con-boxed e-con e-parent\" data-id=\"338ce7e\" data-element_type=\"container\" data-e-type=\"container\">\n\t\t\t\t\t<div class=\"e-con-inner\">\n\t\t<div class=\"elementor-element elementor-element-5a4d863 e-con-full e-flex e-con e-child\" data-id=\"5a4d863\" data-element_type=\"container\" data-e-type=\"container\">\n\t\t\t\t<div class=\"elementor-element elementor-element-e9fb789 elementor-widget elementor-widget-text-editor\" data-id=\"e9fb789\" data-element_type=\"widget\" data-e-type=\"widget\" data-widget_type=\"text-editor.default\">\n\t\t\t\t\t\t\t\t\t<div class=\"forminator-ui forminator-custom-form forminator-custom-form-1339 forminator-design--default  forminator_ajax\" data-forminator-render=\"1\" data-form=\"forminator-module-1339\" data-uid=\"69e0187447c70\"><br\/><\/div><form\r\n\t\t\t\tid=\"forminator-module-1339\"\r\n\t\t\t\tclass=\"forminator-ui forminator-custom-form forminator-custom-form-1339 forminator-design--default  forminator_ajax\"\r\n\t\t\t\tmethod=\"post\"\r\n\t\t\t\tdata-forminator-render=\"1\"\r\n\t\t\t\tdata-form-id=\"1339\"\r\n\t\t\t\tenctype=\"multipart\/form-data\" data-color-option=\"theme\" data-design=\"default\" data-grid=\"open\" style=\"display: none;\"\r\n\t\t\t\tdata-uid=\"69e0187447c70\"\r\n\t\t\t><div role=\"alert\" aria-live=\"polite\" class=\"forminator-response-message forminator-error\" aria-hidden=\"true\"><\/div><div class=\"forminator-row\"><div id=\"text-1\" class=\"forminator-field-text forminator-col forminator-col-12 \"><div class=\"forminator-field\"><label for=\"forminator-field-text-1_69e0187447c70\" id=\"forminator-field-text-1_69e0187447c70-label\" class=\"forminator-label\">Compagnie <span class=\"forminator-required\">*<\/span><\/label><input type=\"text\" name=\"text-1\" value=\"\" placeholder=\"Votre compagnie\" id=\"forminator-field-text-1_69e0187447c70\" class=\"forminator-input forminator-name--field\" data-required=\"1\" \/><\/div><\/div><\/div><div class=\"forminator-row\"><div id=\"name-1\" class=\"forminator-field-name forminator-col forminator-col-12 \"><div class=\"forminator-field\"><label for=\"forminator-field-name-1_69e0187447c70\" id=\"forminator-field-name-1_69e0187447c70-label\" class=\"forminator-label\">Nom <span class=\"forminator-required\">*<\/span><\/label><input type=\"text\" name=\"name-1\" value=\"\" placeholder=\"Pr\u00e9nom et nom\" id=\"forminator-field-name-1_69e0187447c70\" class=\"forminator-input forminator-name--field\" aria-required=\"true\" autocomplete=\"name\" \/><\/div><\/div><\/div><div class=\"forminator-row\"><div id=\"text-5\" class=\"forminator-field-text forminator-col forminator-col-12 \"><div class=\"forminator-field\"><label for=\"forminator-field-text-5_69e0187447c70\" id=\"forminator-field-text-5_69e0187447c70-label\" class=\"forminator-label\">Adresse <span class=\"forminator-required\">*<\/span><\/label><input type=\"text\" name=\"text-5\" value=\"\" placeholder=\"Votre adresse\" id=\"forminator-field-text-5_69e0187447c70\" class=\"forminator-input forminator-name--field\" data-required=\"1\" \/><\/div><\/div><\/div><div class=\"forminator-row\"><div id=\"text-6\" class=\"forminator-field-text forminator-col forminator-col-12 \"><div class=\"forminator-field\"><label for=\"forminator-field-text-6_69e0187447c70\" id=\"forminator-field-text-6_69e0187447c70-label\" class=\"forminator-label\">Ville<\/label><input type=\"text\" name=\"text-6\" value=\"\" placeholder=\"Votre ville\" id=\"forminator-field-text-6_69e0187447c70\" class=\"forminator-input forminator-name--field\" data-required=\"\" \/><\/div><\/div><\/div><div class=\"forminator-row\"><div id=\"text-7\" class=\"forminator-field-text forminator-col forminator-col-12 \"><div class=\"forminator-field\"><label for=\"forminator-field-text-7_69e0187447c70\" id=\"forminator-field-text-7_69e0187447c70-label\" class=\"forminator-label\">Province<\/label><input type=\"text\" name=\"text-7\" value=\"\" placeholder=\"Votre province\" id=\"forminator-field-text-7_69e0187447c70\" class=\"forminator-input forminator-name--field\" data-required=\"\" \/><\/div><\/div><\/div><div class=\"forminator-row\"><div id=\"text-8\" class=\"forminator-field-text forminator-col forminator-col-12 \"><div class=\"forminator-field\"><label for=\"forminator-field-text-8_69e0187447c70\" id=\"forminator-field-text-8_69e0187447c70-label\" class=\"forminator-label\">Code postal<\/label><input type=\"text\" name=\"text-8\" value=\"\" placeholder=\"Votre code postal\" id=\"forminator-field-text-8_69e0187447c70\" class=\"forminator-input forminator-name--field\" data-required=\"\" \/><\/div><\/div><\/div><div class=\"forminator-row\"><div id=\"phone-1\" class=\"forminator-field-phone forminator-col forminator-col-12 \"><div class=\"forminator-field\"><label for=\"forminator-field-phone-1_69e0187447c70\" id=\"forminator-field-phone-1_69e0187447c70-label\" class=\"forminator-label\">T\u00e9l\u00e9phone <span class=\"forminator-required\">*<\/span><\/label><span id=\"forminator-field-phone-1_69e0187447c70-description\" class=\"forminator-description\" id=\"forminator-field-phone-1_69e0187447c70-description\">Utilisez ce format pour le num\u00e9ro de t\u00e9l\u00e9phone<\/span><input type=\"text\" name=\"phone-1\" value=\"\" placeholder=\"000-000-0000\" id=\"forminator-field-phone-1_69e0187447c70\" class=\"forminator-input forminator-field--phone\" data-required=\"1\" aria-required=\"true\" autocomplete=\"off\" aria-describedby=\"forminator-field-phone-1_69e0187447c70-description\" \/><\/div><\/div><\/div><div class=\"forminator-row\"><div id=\"email-1\" class=\"forminator-field-email forminator-col forminator-col-12 \"><div class=\"forminator-field\"><label for=\"forminator-field-email-1_69e0187447c70\" id=\"forminator-field-email-1_69e0187447c70-label\" class=\"forminator-label\">Courriel <span class=\"forminator-required\">*<\/span><\/label><input type=\"email\" name=\"email-1\" value=\"\" placeholder=\"Votre courriel\" id=\"forminator-field-email-1_69e0187447c70\" class=\"forminator-input forminator-email--field\" data-required=\"1\" aria-required=\"true\" autocomplete=\"email\" \/><\/div><\/div><\/div><div class=\"forminator-row\"><div id=\"html-2\" class=\"forminator-field-html forminator-col forminator-col-12 \"><div class=\"forminator-field forminator-merge-tags\" data-field=\"html-2\"><label class=\"forminator-label\">Traitement graphique<\/label><\/div><\/div><\/div><div class=\"forminator-row\"><div id=\"radio-1\" class=\"forminator-field-radio forminator-col forminator-col-12 \"><div role=\"radiogroup\" class=\"forminator-field\" aria-labelledby=\"forminator-radiogroup-radio-1-69e0187447c70-label\"><span id=\"forminator-radiogroup-radio-1-69e0187447c70-label\" class=\"forminator-label\">Mat\u00e9riel graphique<\/span><label id=\"forminator-field-radio-1-label-1\" for=\"forminator-field-radio-1-1-69e0187447c70\" class=\"forminator-radio\" title=\"Besoin de design\"><input type=\"radio\" name=\"radio-1\" value=\"one\" id=\"forminator-field-radio-1-1-69e0187447c70\" aria-labelledby=\"forminator-field-radio-1-label-1\" data-calculation=\"0\"   data-hidden-behavior=\"zero\"\/><span class=\"forminator-radio-bullet\" aria-hidden=\"true\"><\/span><span class=\"forminator-radio-label\">Besoin de design<\/span><\/label><label id=\"forminator-field-radio-1-label-2\" for=\"forminator-field-radio-1-2-69e0187447c70\" class=\"forminator-radio\" title=\"Design fourni\"><input type=\"radio\" name=\"radio-1\" value=\"two\" id=\"forminator-field-radio-1-2-69e0187447c70\" aria-labelledby=\"forminator-field-radio-1-label-2\" data-calculation=\"0\"   data-hidden-behavior=\"zero\"\/><span class=\"forminator-radio-bullet\" aria-hidden=\"true\"><\/span><span class=\"forminator-radio-label\">Design fourni<\/span><\/label><\/div><\/div><\/div><div class=\"forminator-row\"><div id=\"textarea-1\" class=\"forminator-field-textarea forminator-col forminator-col-12 \"><div class=\"forminator-field\"><label for=\"forminator-field-textarea-1_69e0187447c70\" id=\"forminator-field-textarea-1_69e0187447c70-label\" class=\"forminator-label\">Information sur le produit <span class=\"forminator-required\">*<\/span><\/label><textarea name=\"textarea-1\" placeholder=\"Description du produit\" id=\"forminator-field-textarea-1_69e0187447c70\" class=\"forminator-textarea\" rows=\"6\" style=\"--forminator-textarea-min-height:140px;\" ><\/textarea><\/div><\/div><\/div><div class=\"forminator-row\"><div id=\"upload-1\" class=\"forminator-field-upload forminator-col forminator-col-12 \"><div class=\"forminator-field\"><label for=\"forminator-field-upload-1_69e0187447c70\" id=\"forminator-field-upload-1_69e0187447c70-label\" class=\"forminator-label\">Fichier (visuel)<\/label><span id=\"forminator-field-upload-1_69e0187447c70-description\" class=\"forminator-description\">Upload your file (DOCX\/JPEG\/PNG\/PDF\/EXCEL) 30mb Max.<\/span><div class=\"forminator-file-upload \" data-element=\"upload-1_69e0187447c70\" aria-describedby=\"forminator-field-upload-1_69e0187447c70-description\"><input type=\"file\" name=\"upload-1\" id=\"forminator-field-upload-1_69e0187447c70\" class=\"forminator-input-file\" accept=\".jpg,.jpeg,.jpe,.gif,.png,.bmp,.tiff,.tif,.webp,.avif,.ico,.heic,.heif,.heics,.heifs,.asf,.asx,.wmv,.wmx,.wm,.avi,.divx,.flv,.mov,.qt,.mpeg,.mpg,.mpe,.mp4,.m4v,.ogv,.webm,.mkv,.3gp,.3gpp,.3g2,.3gp2,.txt,.asc,.c,.cc,.h,.srt,.csv,.tsv,.ics,.rtx,.vtt,.mp3,.m4a,.m4b,.aac,.ra,.ram,.wav,.x-wav,.ogg,.oga,.flac,.mid,.midi,.wma,.wax,.mka,.rtf,.pdf,.class,.tar,.zip,.gz,.gzip,.7z,.psd,.xcf,.doc,.pot,.pps,.ppt,.wri,.xla,.xls,.xlt,.xlw,.mdb,.mpp,.docx,.docm,.dotx,.dotm,.xlsx,.xlsm,.xlsb,.xltx,.xltm,.xlam,.pptx,.pptm,.ppsx,.ppsm,.potx,.potm,.ppam,.sldx,.sldm,.onetoc,.onetoc2,.onetmp,.onepkg,.oxps,.xps,.odt,.odp,.ods,.odg,.odc,.odb,.odf,.wp,.wpd,.key,.numbers,.pages\" tabindex=\"-1\"><button id=\"forminator-field-upload-1_69e0187447c70_button\" class=\"forminator-button forminator-button-upload\" data-id=\"forminator-field-upload-1_69e0187447c70\">Choisissez un fichier<\/button><span data-empty-text=\"Aucun fichier s\u00e9lectionn\u00e9\">Aucun fichier s\u00e9lectionn\u00e9<\/span><button class=\"forminator-button-delete\" style=\"display: none;\"><i class=\"forminator-icon-close\" aria-hidden=\"true\"><\/i><span class=\"forminator-screen-reader-only\">Supprimer le fichier t\u00e9l\u00e9vers\u00e9<\/span><\/button><\/div><\/div><\/div><\/div><div class=\"forminator-row\"><div id=\"select-1\" class=\"forminator-field-select forminator-col forminator-col-12 \"><div class=\"forminator-field\"><label for=\"forminator-form-1339__field--select-1_69e0187447c70\" id=\"forminator-form-1339__field--select-1_69e0187447c70-label\" class=\"forminator-label\">S\u00e9lectionnez le type de papier <span class=\"forminator-required\">*<\/span><\/label><select  id=\"forminator-form-1339__field--select-1_69e0187447c70\" class=\"forminator-select--field forminator-select2 forminator-select2-multiple\" data-required=\"1\" name=\"select-1\" data-default-value=\"\" data-hidden-behavior=\"zero\" data-placeholder=\"Type de papier\" data-search=\"false\" data-search-placeholder=\"Type de papier\" data-checkbox=\"false\" data-allow-clear=\"false\" aria-labelledby=\"forminator-form-1339__field--select-1_69e0187447c70-label\"><option value=\"\"  >Type de papier<\/option><option value=\"one\"  data-calculation=\"0\">Paper<\/option><option value=\"two\"  data-calculation=\"0\">Cardboard<\/option><option value=\"Other\"  data-calculation=\"0\">Other<\/option><option value=\"None\"  data-calculation=\"0\">None<\/option><\/select><\/div><\/div><\/div><div class=\"forminator-row\"><div id=\"number-1\" class=\"forminator-field-number forminator-col forminator-col-12 \"><div class=\"forminator-field\"><label for=\"forminator-field-number-1_69e0187447c70\" id=\"forminator-field-number-1_69e0187447c70-label\" class=\"forminator-label\">Quantit\u00e9 <span class=\"forminator-required\">*<\/span><\/label><input name=\"number-1\" value=\"\" placeholder=\"\" id=\"forminator-field-number-1_69e0187447c70\" class=\"forminator-input forminator-number--field\" inputmode=\"decimal\" data-required=\"1\" data-decimals=\"0\" aria-required=\"true\" data-inputmask=\"&#039;groupSeparator&#039;: &#039;&#039;, &#039;radixPoint&#039;: &#039;&#039;, &#039;digits&#039;: &#039;0&#039;\" data-hidden-behavior=\"zero\" type=\"number\" step=\"any\" min=\"1\" max=\"150\" \/><\/div><\/div><\/div><div class=\"forminator-row\"><div id=\"text-2\" class=\"forminator-field-text forminator-col forminator-col-12 \"><div class=\"forminator-field\"><label for=\"forminator-field-text-2_69e0187447c70\" id=\"forminator-field-text-2_69e0187447c70-label\" class=\"forminator-label\">Format ouvert <span class=\"forminator-required\">*<\/span><\/label><input type=\"text\" name=\"text-2\" value=\"\" placeholder=\"ex: 3&quot;x8&quot;\" id=\"forminator-field-text-2_69e0187447c70\" class=\"forminator-input forminator-name--field\" data-required=\"1\" \/><\/div><\/div><\/div><div class=\"forminator-row\"><div id=\"text-3\" class=\"forminator-field-text forminator-col forminator-col-12 \"><div class=\"forminator-field\"><label for=\"forminator-field-text-3_69e0187447c70\" id=\"forminator-field-text-3_69e0187447c70-label\" class=\"forminator-label\">Format final <span class=\"forminator-required\">*<\/span><\/label><input type=\"text\" name=\"text-3\" value=\"\" placeholder=\"ex: 3&quot;x8&quot;\" id=\"forminator-field-text-3_69e0187447c70\" class=\"forminator-input forminator-name--field\" data-required=\"1\" \/><\/div><\/div><\/div><div class=\"forminator-row\"><div id=\"select-2\" class=\"forminator-field-select forminator-col forminator-col-12 \"><div class=\"forminator-field\"><label for=\"forminator-form-1339__field--select-2_69e0187447c70\" id=\"forminator-form-1339__field--select-2_69e0187447c70-label\" class=\"forminator-label\">Couleur de l&#039;encre <span class=\"forminator-required\">*<\/span><\/label><select  id=\"forminator-form-1339__field--select-2_69e0187447c70\" class=\"forminator-select--field forminator-select2 forminator-select2-multiple\" data-required=\"1\" name=\"select-2\" data-default-value=\"\" data-hidden-behavior=\"zero\" data-placeholder=\"Couleur ou noir\" data-search=\"false\" data-search-placeholder=\"Couleur ou noir\" data-checkbox=\"false\" data-allow-clear=\"false\" aria-labelledby=\"forminator-form-1339__field--select-2_69e0187447c70-label\"><option value=\"\"  >Couleur ou noir<\/option><option value=\"one\"  data-calculation=\"0\">None<\/option><option value=\"two\"  data-calculation=\"0\">Four-Colour process<\/option><option value=\"Other\"  data-calculation=\"0\">Four-Colour process + PMS<\/option><option value=\"None\"  data-calculation=\"0\">Black<\/option><option value=\"Black-+-PMS\"  data-calculation=\"0\">Black + PMS<\/option><option value=\"PMS-only\"  data-calculation=\"0\">PMS only<\/option><\/select><\/div><\/div><\/div><div class=\"forminator-row\"><div id=\"select-4\" class=\"forminator-field-select forminator-col forminator-col-12 \"><div class=\"forminator-field\"><label for=\"forminator-form-1339__field--select-4_69e0187447c70\" id=\"forminator-form-1339__field--select-4_69e0187447c70-label\" class=\"forminator-label\">Nombre de c\u00f4t\u00e9s <span class=\"forminator-required\">*<\/span><\/label><select  id=\"forminator-form-1339__field--select-4_69e0187447c70\" class=\"forminator-select--field forminator-select2 forminator-select2-multiple\" data-required=\"1\" name=\"select-4\" data-default-value=\"\" data-hidden-behavior=\"zero\" data-placeholder=\"Nombre de c\u00f4t\u00e9s\" data-search=\"false\" data-search-placeholder=\"Nombre de c\u00f4t\u00e9s\" data-checkbox=\"false\" data-allow-clear=\"false\" aria-labelledby=\"forminator-form-1339__field--select-4_69e0187447c70-label\"><option value=\"\"  >Nombre de c\u00f4t\u00e9s<\/option><option value=\"one\"  data-calculation=\"0\">Recto<\/option><option value=\"two\"  data-calculation=\"0\">Recto \/ Verso<\/option><\/select><\/div><\/div><\/div><input type=\"hidden\" name=\"referer_url\" value=\"\" \/><div class=\"forminator-row forminator-row-last\"><div class=\"forminator-col\"><div class=\"forminator-field\"><button class=\"forminator-button forminator-button-submit\">Submit<\/button><\/div><\/div><\/div><input type=\"hidden\" id=\"forminator_nonce\" name=\"forminator_nonce\" value=\"2f7a1b1dd9\" \/><input type=\"hidden\" name=\"_wp_http_referer\" value=\"\/fr\/wp-json\/wp\/v2\/pages\/1270\" \/><input type=\"hidden\" name=\"form_id\" value=\"1339\"><input type=\"hidden\" name=\"page_id\" value=\"1270\"><input type=\"hidden\" name=\"form_type\" value=\"default\"><input type=\"hidden\" name=\"current_url\" value=\"https:\/\/imprimerieinc.com\/fr\/soumission-en-ligne\/\"><input type=\"hidden\" name=\"render_id\" value=\"1\"><input type=\"hidden\" name=\"action\" value=\"forminator_submit_form_custom-forms\"><\/form>\t\t\t\t\t\t\t\t<\/div>\n\t\t\t\t<\/div>\n\t\t\t\t\t<\/div>\n\t\t\t\t<\/div>\n\t\t<div class=\"elementor-element elementor-element-1e922df e-con-full e-flex e-con e-parent\" data-id=\"1e922df\" data-element_type=\"container\" data-e-type=\"container\">\n\t\t\t\t<div class=\"elementor-element elementor-element-cd62c4d elementor-widget elementor-widget-google_maps\" data-id=\"cd62c4d\" data-element_type=\"widget\" data-e-type=\"widget\" data-widget_type=\"google_maps.default\">\n\t\t\t\t\t\t\t<div class=\"elementor-custom-embed\">\n\t\t\t<iframe loading=\"lazy\"\n\t\t\t\t\tsrc=\"https:\/\/maps.google.com\/maps?q=1804%20Boul.%20le%20Corbusier%20Laval%2C%20QC%20H7S%202N3%2C%20Canada&#038;t=m&#038;z=10&#038;output=embed&#038;iwloc=near\"\n\t\t\t\t\ttitle=\"1804 Boul. le Corbusier Laval, QC H7S 2N3, Canada\"\n\t\t\t\t\taria-label=\"1804 Boul. le Corbusier Laval, QC H7S 2N3, Canada\"\n\t\t\t><\/iframe>\n\t\t<\/div>\n\t\t\t\t\t\t<\/div>\n\t\t\t\t<\/div>\n\t\t\t\t<\/div>\n\t\t","protected":false},"excerpt":{"rendered":"","protected":false},"author":1,"featured_media":0,"parent":0,"menu_order":0,"comment_status":"closed","ping_status":"closed","template":"","meta":{"footnotes":""},"class_list":["post-1270","page","type-page","status-publish","hentry"],"_links":{"self":[{"href":"https:\/\/imprimerieinc.com\/fr\/wp-json\/wp\/v2\/pages\/1270","targetHints":{"allow":["GET"]}}],"collection":[{"href":"https:\/\/imprimerieinc.com\/fr\/wp-json\/wp\/v2\/pages"}],"about":[{"href":"https:\/\/imprimerieinc.com\/fr\/wp-json\/wp\/v2\/types\/page"}],"author":[{"embeddable":true,"href":"https:\/\/imprimerieinc.com\/fr\/wp-json\/wp\/v2\/users\/1"}],"replies":[{"embeddable":true,"href":"https:\/\/imprimerieinc.com\/fr\/wp-json\/wp\/v2\/comments?post=1270"}],"version-history":[{"count":9,"href":"https:\/\/imprimerieinc.com\/fr\/wp-json\/wp\/v2\/pages\/1270\/revisions"}],"predecessor-version":[{"id":1420,"href":"https:\/\/imprimerieinc.com\/fr\/wp-json\/wp\/v2\/pages\/1270\/revisions\/1420"}],"wp:attachment":[{"href":"https:\/\/imprimerieinc.com\/fr\/wp-json\/wp\/v2\/media?parent=1270"}],"curies":[{"name":"wp","href":"https:\/\/api.w.org\/{rel}","templated":true}]}}